{"id":136,"date":"2016-10-28T02:34:52","date_gmt":"2016-10-28T04:34:52","guid":{"rendered":"http:\/\/sigmam.com.br\/?page_id=136"},"modified":"2018-07-16T21:17:19","modified_gmt":"2018-07-17T00:17:19","slug":"na-midia","status":"publish","type":"page","link":"http:\/\/sigmam.com.br\/es\/na-midia\/","title":{"rendered":"(Portugu\u00eas do Brasil) NA M\u00cdDIA"},"content":{"rendered":"<p><strong>PUBLICACIONES EN TELEVISI\u00d3N<\/strong><\/p>\n<p>[wpvp_player src=http:\/\/sigmam.com.br\/wp-content\/uploads\/2016\/10\/metanoia_deraldo_moraes.mp4 width=640 height=360 splash=http:\/\/sigmam.com.br\/wp-content\/plugins\/wp-video-posts\/images\/default_image.jpg]<\/p>\n<p><strong>Evento:<\/strong> Cobertura del Lanzamiento del Libro: \u201cLa (Re) Lectura Simb\u00f3lica de la Ley: Metodolog\u00eda para la Significaci\u00f3n de la Legislaci\u00f3n Ambiental por el \u201cPrograma Metan\u00f3ia en la TV\u201d de la TV Aratu (SBT)<br \/>\n<strong>Lugar:<\/strong> Livraria Cultura del Salvador Shopping, Salvador-Ba<br \/>\n<strong>Fecha:<\/strong> 6 de Junio de 2012<\/p>\n<hr \/>\n<p>[wpvp_player src=http:\/\/sigmam.com.br\/wp-content\/uploads\/2016\/10\/Pablo-Vasconcelos-conhece-o-Sistema-de-Signos-Ambientais-implantado-no-Parque-da-cidade-Rede-Bahia-Aprovado-Cat\u00e1logo-de-V\u00eddeos.mp4 width=640 height=360 splash=http:\/\/sigmam.com.br\/wp-content\/uploads\/2016\/10\/default_image.jpg]<\/p>\n<p><strong>Evento<\/strong>: Pablo Vasconcelos conoce SIGMAM en el Parque da Cidade. Programa Aprovado\u201d de la TV Bahia (REDE GLOBO)<br \/>\n<strong>Lugar<\/strong>: Parque da Cidade, Salvador-Ba<br \/>\n<strong>Fecha<\/strong>: 17 de Junho de 2016<br \/>\n<strong>Link del v\u00eddeo<\/strong>:\u00a0 <a href=\"http:\/\/gshow.globo.com\/Rede-Bahia\/Aprovado\/noticia\/2016\/06\/reveja-os-videos-do-aprovado-de-sabado-18.html\">http:\/\/gshow.globo.com\/Rede-Bahia\/Aprovado\/noticia\/2016\/06\/reveja-os-videos-do-aprovado-de-sabado-18.html<\/a><\/p>\n<hr \/>\n<p><strong>Evento<\/strong>: Inauguraci\u00f3n de SIGMAM en el Parque da Cidade. \u201cNoticiero\u00a0 TVE Revista (TV EDUCATIVA &#8211; Bah\u00eda)<br \/>\n<strong>Lugar<\/strong>: Parque da Cidade, Salvador-Ba<br \/>\n<strong>Fecha<\/strong>: 6 de Junio de 2016<\/p>\n<hr \/>\n<p><strong>PUBLICACIONES EN P\u00c1GINAS WEB<\/strong><\/p>\n<p><strong>Evento<\/strong>: Inauguraci\u00f3n de SIGMAM en el Parque da Cidade<br \/>\n<strong>Site<\/strong>: Boc\u00e3onews &#8211; <a href=\"http:\/\/www.bocaonews.com.br\/noticias\/principal\/cidades\/145396,parque-da-cidade-vai-contar-com-sistema-de-sistema-de-signos-ambientais.html\">http:\/\/www.bocaonews.com.br\/<br \/>\n<\/a><strong>Fecha<\/strong>: 30\/05\/2016<br \/>\n<strong>Link del Reportaje<\/strong>:\u00a0http:\/\/www.bocaonews.com.br\/noticias\/principal\/cidades\/145396,parque-da-cidade-vai-contar-com-sistema-de-sistema-de-signos-ambientais.html<\/p>\n<hr \/>\n<p><strong>PUBLICACIONES EN RADIO<\/strong><\/p>\n<p><strong>Evento<\/strong>: Inaugura\u00e7\u00e3o do SIGMAM no Parque da Cidade<br \/>\n<strong>Emisora<\/strong>: Educadora FM<br \/>\n<strong>Fecha<\/strong>: 8 de Junio de 2016<br \/>\n<strong>Link del audi<\/strong>o:<\/p>","protected":false},"excerpt":{"rendered":"<p>PUBLICACIONES EN TELEVISI\u00d3N [wpvp_player src=http:\/\/sigmam.com.br\/wp-content\/uploads\/2016\/10\/metanoia_deraldo_moraes.mp4 width=640 height=360 splash=http:\/\/sigmam.com.br\/wp-content\/plugins\/wp-video-posts\/images\/default_image.jpg] Evento: Cobertura del Lanzamiento del Libro: \u201cLa (Re) Lectura Simb\u00f3lica de la Ley: Metodolog\u00eda para la Significaci\u00f3n de la Legislaci\u00f3n Ambiental por el \u201cPrograma Metan\u00f3ia en la TV\u201d de la TV Aratu (SBT) Lugar: Livraria Cultura del Salvador Shopping, Salvador-Ba Fecha: 6 de Junio de 2012 [wpvp_player [&hellip;]<\/p>\n","protected":false},"author":1,"featured_media":0,"parent":0,"menu_order":0,"comment_status":"closed","ping_status":"closed","template":"page-na-midia.php","meta":[],"_links":{"self":[{"href":"http:\/\/sigmam.com.br\/es\/wp-json\/wp\/v2\/pages\/136"}],"collection":[{"href":"http:\/\/sigmam.com.br\/es\/wp-json\/wp\/v2\/pages"}],"about":[{"href":"http:\/\/sigmam.com.br\/es\/wp-json\/wp\/v2\/types\/page"}],"author":[{"embeddable":true,"href":"http:\/\/sigmam.com.br\/es\/wp-json\/wp\/v2\/users\/1"}],"replies":[{"embeddable":true,"href":"http:\/\/sigmam.com.br\/es\/wp-json\/wp\/v2\/comments?post=136"}],"version-history":[{"count":29,"href":"http:\/\/sigmam.com.br\/es\/wp-json\/wp\/v2\/pages\/136\/revisions"}],"predecessor-version":[{"id":625,"href":"http:\/\/sigmam.com.br\/es\/wp-json\/wp\/v2\/pages\/136\/revisions\/625"}],"wp:attachment":[{"href":"http:\/\/sigmam.com.br\/es\/wp-json\/wp\/v2\/media?parent=136"}],"curies":[{"name":"wp","href":"https:\/\/api.w.org\/{rel}","templated":true}]}}