{"id":160,"date":"2016-10-28T03:19:03","date_gmt":"2016-10-28T05:19:03","guid":{"rendered":"http:\/\/sigmam.com.br\/?page_id=160"},"modified":"2017-01-31T22:02:40","modified_gmt":"2017-02-01T00:02:40","slug":"onde-implementar","status":"publish","type":"page","link":"http:\/\/sigmam.com.br\/es\/onde-implementar\/","title":{"rendered":"(Portugu\u00eas do Brasil) ONDE IMPLEMENTAR"},"content":{"rendered":"<p><strong>Lugares Donde el Sigmam Podr\u00e1 Ser Implantado<\/strong><\/p>\n<p>Por abarcar casi la totalidad de los asuntos de la legislaci\u00f3n ambiental brasile\u00f1a, el SIGMAM podr\u00e1 ser implantado en los m\u00e1s diversos lugares: en las \u00e1reas urbanas; rurales; carreteras; unidades de conservaci\u00f3n; en el sistema de recolecci\u00f3n, transporte y destino final de residuos; y otros.<\/p>\n<p>Las Instituciones o Empresas interesadas pueden contratar la implementaci\u00f3n\u00a0 del SIGMAM para sus propias \u00e1reas, o establecer convenios para la implementaci\u00f3n en otras \u00e1reas, asociando sus marcas al proyecto.<\/p>","protected":false},"excerpt":{"rendered":"<p>Lugares Donde el Sigmam Podr\u00e1 Ser Implantado Por abarcar casi la totalidad de los asuntos de la legislaci\u00f3n ambiental brasile\u00f1a, el SIGMAM podr\u00e1 ser implantado en los m\u00e1s diversos lugares: en las \u00e1reas urbanas; rurales; carreteras; unidades de conservaci\u00f3n; en el sistema de recolecci\u00f3n, transporte y destino final de residuos; y otros. Las Instituciones o [&hellip;]<\/p>\n","protected":false},"author":1,"featured_media":0,"parent":0,"menu_order":0,"comment_status":"closed","ping_status":"closed","template":"page-onde-implementar.php","meta":[],"_links":{"self":[{"href":"http:\/\/sigmam.com.br\/es\/wp-json\/wp\/v2\/pages\/160"}],"collection":[{"href":"http:\/\/sigmam.com.br\/es\/wp-json\/wp\/v2\/pages"}],"about":[{"href":"http:\/\/sigmam.com.br\/es\/wp-json\/wp\/v2\/types\/page"}],"author":[{"embeddable":true,"href":"http:\/\/sigmam.com.br\/es\/wp-json\/wp\/v2\/users\/1"}],"replies":[{"embeddable":true,"href":"http:\/\/sigmam.com.br\/es\/wp-json\/wp\/v2\/comments?post=160"}],"version-history":[{"count":5,"href":"http:\/\/sigmam.com.br\/es\/wp-json\/wp\/v2\/pages\/160\/revisions"}],"predecessor-version":[{"id":581,"href":"http:\/\/sigmam.com.br\/es\/wp-json\/wp\/v2\/pages\/160\/revisions\/581"}],"wp:attachment":[{"href":"http:\/\/sigmam.com.br\/es\/wp-json\/wp\/v2\/media?parent=160"}],"curies":[{"name":"wp","href":"https:\/\/api.w.org\/{rel}","templated":true}]}}