{"id":73,"date":"2016-10-19T11:41:14","date_gmt":"2016-10-19T13:41:14","guid":{"rendered":"http:\/\/sigmam.com.br\/?page_id=73"},"modified":"2017-03-02T15:51:00","modified_gmt":"2017-03-02T18:51:00","slug":"o-sigmam","status":"publish","type":"page","link":"http:\/\/sigmam.com.br\/es\/o-sigmam\/","title":{"rendered":"(Portugu\u00eas do Brasil) O SIGMAM"},"content":{"rendered":"<p><strong>Primera Fase<\/strong>: Los estudios para la construcci\u00f3n de la Metodolog\u00eda del Sistema de Signos Ambientales (SIGMAM), fueron iniciados en 1993 cuando el Autor &#8211; Prof. Deraldo Moraes curs\u00f3 la Pos graduaci\u00f3n en Gesti\u00f3n Ambiental en la FUNDESP\/UCSAL en Salvador-BA. En esa Primera Fase, concluida en 1994, el Autor desarrolla solamente la parte te\u00f3rica, proyectando las posibilidades de transforma<em>ci\u00f3n<\/em> simb\u00f3lica de la ley.<\/p>\n<p><strong>Segunda Fase<\/strong>: En 1995, los estudios continuaron en el Curso de Pos\u00a0 graduaci\u00f3n en Educaci\u00f3n Ambiental en la Universidad del Estado de Santa Catarina (UDESC) en Florian\u00f3polis-SC. En esa Segunda Fase, concluida en 1997, fue desarrollada una parte te\u00f3rica y otra pr\u00e1ctica, con pruebas de SIGMAM en escuelas municipales y en el Parque Municipal da Lagoa do Peri, en Florian\u00f3polis-SC.<\/p>\n<p><strong>Tercera Fase<\/strong>: En el 2001, los estudios prosiguieron en el Curso de Maestr\u00eda en Desarrollo Sustentable en la Universidad de Brasilia (UnB) en Brasilia-DF. En esa Tercera y \u00daltima Fase, concluida en 2003, fue desarrollada\u201d la parte te\u00f3rica y la pr\u00e1ctica definitiva de la Metodolog\u00eda, basada en el estudio-acci\u00f3n, con pruebas del SIGMAM en el Parque Metropolitano de Pitua\u00e7u, en Salvador-BA.<\/p>","protected":false},"excerpt":{"rendered":"<p>Primera Fase: Los estudios para la construcci\u00f3n de la Metodolog\u00eda del Sistema de Signos Ambientales (SIGMAM), fueron iniciados en 1993 cuando el Autor &#8211; Prof. Deraldo Moraes curs\u00f3 la Pos graduaci\u00f3n en Gesti\u00f3n Ambiental en la FUNDESP\/UCSAL en Salvador-BA. En esa Primera Fase, concluida en 1994, el Autor desarrolla solamente la parte te\u00f3rica, proyectando las [&hellip;]<\/p>\n","protected":false},"author":1,"featured_media":0,"parent":0,"menu_order":0,"comment_status":"closed","ping_status":"closed","template":"page-o-sigmam.php","meta":[],"_links":{"self":[{"href":"http:\/\/sigmam.com.br\/es\/wp-json\/wp\/v2\/pages\/73"}],"collection":[{"href":"http:\/\/sigmam.com.br\/es\/wp-json\/wp\/v2\/pages"}],"about":[{"href":"http:\/\/sigmam.com.br\/es\/wp-json\/wp\/v2\/types\/page"}],"author":[{"embeddable":true,"href":"http:\/\/sigmam.com.br\/es\/wp-json\/wp\/v2\/users\/1"}],"replies":[{"embeddable":true,"href":"http:\/\/sigmam.com.br\/es\/wp-json\/wp\/v2\/comments?post=73"}],"version-history":[{"count":12,"href":"http:\/\/sigmam.com.br\/es\/wp-json\/wp\/v2\/pages\/73\/revisions"}],"predecessor-version":[{"id":604,"href":"http:\/\/sigmam.com.br\/es\/wp-json\/wp\/v2\/pages\/73\/revisions\/604"}],"wp:attachment":[{"href":"http:\/\/sigmam.com.br\/es\/wp-json\/wp\/v2\/media?parent=73"}],"curies":[{"name":"wp","href":"https:\/\/api.w.org\/{rel}","templated":true}]}}